{"id":5302,"date":"2019-03-25T13:25:54","date_gmt":"2019-03-25T12:25:54","guid":{"rendered":"https:\/\/www.loopinggames.com\/juegos\/uncategorized\/fantasy-realms\/"},"modified":"2019-03-25T13:25:54","modified_gmt":"2019-03-25T12:25:54","slug":"fantasy-realms","status":"publish","type":"product","link":"https:\/\/www.loopinggames.com\/en\/boardgames\/fantasy-realms\/fantasy-realms\/","title":{"rendered":"Fantasy Realms"},"content":{"rendered":"<div class=\"wpb-content-wrapper\"><p>[vc_row][vc_column][vc_row_inner content_placement=&#8221;middle&#8221; css=&#8221;.vc_custom_1765480377744{margin-bottom: 40px !important;}&#8221; css_params=&#8221;&#8221;][vc_column_inner width=&#8221;2\/3&#8243;]<div class=\"porto-gallery has-ccols ccols-1 ccols-sm-2 ccols-md-3 ccols-lg-4 wpb_custom_539f1dc015fa3fca287178c38ffd62c3 porto-carousel owl-carousel nav-pos-outside nav-style-1 align-items-center lightbox\" data-plugin-options=\"{&quot;autoplay&quot;:true,&quot;autoplayHoverPause&quot;:true,&quot;autoplayTimeout&quot;:5000,&quot;items&quot;:4,&quot;xl&quot;:4,&quot;lg&quot;:4,&quot;md&quot;:3,&quot;sm&quot;:2,&quot;xs&quot;:1,&quot;nav&quot;:true,&quot;dots&quot;:false}\" data-lightbox-options=\"{&quot;delegate&quot;:&quot;a&quot;,&quot;mainClass&quot;:&quot;mfp-with-zoom&quot;,&quot;zoom&quot;:{&quot;enabled&quot;:true,&quot;duration&quot;:300},&quot;gallery&quot;:{&quot;enabled&quot;:true},&quot;type&quot;:&quot;image&quot;}\"><a class=\"hover-effect-dir\" href=\"https:\/\/www.loopinggames.com\/wp-content\/uploads\/2025\/12\/Fantasy-Realms-BACK-2024.jpg\"><figure><img loading=\"lazy\" decoding=\"async\" width=\"560\" height=\"367\" src=\"https:\/\/www.loopinggames.com\/wp-content\/uploads\/2025\/12\/Fantasy-Realms-BACK-2024-560x367.jpg\" class=\"attachment-portfolio-large size-portfolio-large\" alt=\"\" \/><div class=\"fill\"><i class=\"centered-icon fa fa-plus\"><\/i><\/div><\/figure><\/a><\/div>[\/vc_column_inner][vc_column_inner width=&#8221;1\/3&#8243; css=&#8221;.vc_custom_1765789726224{porto_vc_design_option}&#8221; css_params=&#8221;{&#8220;css_padding_top_xs&#8220;:&#8220;40px&#8220;}&#8221; custom_css_response=&#8221;@media(max-width:575px){.vc_custom_1765789726224{padding-top:40px!important;}}&#8221;][vc_video link=&#8221;https:\/\/www.youtube.com\/watch?v=y3Q-CC85pzw&#8221;][\/vc_column_inner][\/vc_row_inner][vc_column_text css=&#8221;&#8221; css_params=&#8221;&#8221;]<strong>Fantasy Realms<\/strong> is a card game by Bruce Glassco for 2 to 6 players.<\/p>\n<p>In short: You start with 7 scoring cards in your hand, which can be combined with each other. On your turn, you draw a card from the deck or the visible discard pile, then discard a card to ensure you always have 7 cards in your hand. The game ends when there are 10 cards in the discard pile, at which point players reveal their hands to score.<\/p>\n<p>Build an invincible hand by combining cards in the best way possible.<\/p>\n<p>Will you achieve this by employing military tactics and laying waste to everything in your path?<br \/>\nOr will you do it by surrounding yourself with powerful wizards and seizing control of an inaccessible island engulfed in flames?<br \/>\nThe choice is yours, because there are thousands of possible combinations\u2026[\/vc_column_text][vc_single_image image=&#8221;5303&#8243; img_size=&#8221;full&#8221; css=&#8221;&#8221; css_params=&#8221;&#8221;][vc_column_text css=&#8221;&#8221; css_params=&#8221;&#8221;]Adem\u00e1s, la edici\u00f3n espa\u00f1ola incluye en exclusiva la carta promocional<strong>\u00a0\u201cBuf\u00f3n\u201d<\/strong>.[\/vc_column_text][\/vc_column][\/vc_row][vc_row css=&#8221;.vc_custom_1765447655819{margin-top: 90px !important;}&#8221; conditional_render=&#8221;%5B%7B%22value_role%22%3A%22administrator%22%7D%5D&#8221; css_params=&#8221;&#8221;][vc_column width=&#8221;1\/4&#8243;][vc_custom_heading text=&#8221;COMPONENTS&#8221; font_container=&#8221;tag:p|font_size:20px|text_align:left|color:%23444444&#8243; use_theme_fonts=&#8221;yes&#8221; font_family=&#8221;Poppins&#8221; font_weight=&#8221;500&#8243; letter_spacing=&#8221;0.085em&#8221; show_border=&#8221;yes&#8221; border_type=&#8221;middle-border&#8221; border_size=&#8221;xs&#8221; border_spacing=&#8221;{&#8220;xl&#8220;:&#8220;10&#8220;,&#8220;unit&#8220;:&#8220;&#8220;,&#8220;xs&#8220;:&#8220;&#8220;,&#8220;sm&#8220;:&#8220;&#8220;,&#8220;md&#8220;:&#8220;&#8220;,&#8220;lg&#8220;:&#8220;&#8220;}&#8221; css_params=&#8221;&#8221; border_color=&#8221;#dae8f2&#8243; css=&#8221;.vc_custom_1767957956047{padding-top: 5px !important;padding-right: 12px !important;padding-bottom: 5px !important;padding-left: 12px !important;background-color: #dae8f2 !important;}&#8221;][vc_column_text css=&#8221;&#8221; css_params=&#8221;&#8221;]<\/p>\n<ul>\n<li>55 cards.<\/li>\n<li>1 100-page score sheet.<\/li>\n<li>Rules in Spanish.<\/li>\n<li>Scoring app downloadable from the WizKids website.<\/li>\n<\/ul>\n<p>[\/vc_column_text][\/vc_column][vc_column width=&#8221;1\/4&#8243; css=&#8221;.vc_custom_1765789745411{porto_vc_design_option}&#8221; conditional_render=&#8221;%5B%7B%22value_role%22%3A%22administrator%22%7D%5D&#8221; css_params=&#8221;{&#8220;css_padding_top_xs&#8220;:&#8220;60px&#8220;,&#8220;css_padding_bottom_xs&#8220;:&#8220;60px&#8220;}&#8221; custom_css_response=&#8221;@media(max-width:575px){.vc_custom_1765789745411{padding-top:60px!important;padding-bottom:60px!important;}}&#8221;][vc_custom_heading text=&#8221;DOWNLOADS&#8221; font_container=&#8221;tag:p|font_size:20px|text_align:left|color:%23444444&#8243; use_theme_fonts=&#8221;yes&#8221; font_family=&#8221;Poppins&#8221; font_weight=&#8221;500&#8243; letter_spacing=&#8221;0.085em&#8221; show_border=&#8221;yes&#8221; border_type=&#8221;middle-border&#8221; border_size=&#8221;xs&#8221; border_spacing=&#8221;{&#8220;xl&#8220;:&#8220;10&#8220;,&#8220;unit&#8220;:&#8220;&#8220;,&#8220;xs&#8220;:&#8220;&#8220;,&#8220;sm&#8220;:&#8220;&#8220;,&#8220;md&#8220;:&#8220;&#8220;,&#8220;lg&#8220;:&#8220;&#8220;}&#8221; css_params=&#8221;&#8221; border_color=&#8221;#dae8f2&#8243; css=&#8221;.vc_custom_1767957961814{padding-top: 5px !important;padding-right: 12px !important;padding-bottom: 5px !important;padding-left: 12px !important;background-color: #dae8f2 !important;}&#8221;][vc_column_text css=&#8221;&#8221; css_params=&#8221;&#8221;]<a href=\"https:\/\/www.loopinggames.com\/wp-content\/uploads\/2025\/12\/Fantasy-Realms-Graphics.zip\">Graphics<\/a>[\/vc_column_text][\/vc_column][vc_column width=&#8221;2\/4&#8243;][vc_custom_heading text=&#8221;RESOURCES&#8221; font_container=&#8221;tag:p|font_size:20px|text_align:left|color:%23444444&#8243; use_theme_fonts=&#8221;yes&#8221; font_family=&#8221;Poppins&#8221; font_weight=&#8221;500&#8243; letter_spacing=&#8221;0.085em&#8221; show_border=&#8221;yes&#8221; border_type=&#8221;middle-border&#8221; border_size=&#8221;xs&#8221; border_spacing=&#8221;{&#8220;xl&#8220;:&#8220;10&#8220;,&#8220;unit&#8220;:&#8220;&#8220;,&#8220;xs&#8220;:&#8220;&#8220;,&#8220;sm&#8220;:&#8220;&#8220;,&#8220;md&#8220;:&#8220;&#8220;,&#8220;lg&#8220;:&#8220;&#8220;}&#8221; css_params=&#8221;&#8221; border_color=&#8221;#dae8f2&#8243; css=&#8221;.vc_custom_1767957970086{padding-top: 5px !important;padding-right: 12px !important;padding-bottom: 5px !important;padding-left: 12px !important;background-color: #dae8f2 !important;}&#8221;][vc_row_inner][vc_column_inner width=&#8221;1\/2&#8243;][vc_column_text css=&#8221;&#8221; css_params=&#8221;&#8221;]Podcast<\/p>\n<ul>\n<li><a href=\"https:\/\/puntodevictoria.com\/episodio-63\" target=\"_blank\" rel=\"noopener\">Punto de Victoria<\/a>\u00a0\u2013 A partir del 01:15:40<\/li>\n<li><a href=\"https:\/\/podtail.se\/podcast\/jugando-con-da2\/sesiones-de-juego-5-deja-vu-fantasy-realms\/\" target=\"_blank\" rel=\"noopener\">Jugando con Da2 \u2013 Sesiones de juego<\/a>\u00a0\u2013 A partir de 09:50<\/li>\n<li><a href=\"https:\/\/masmaderapodcast.wordpress.com\/2019\/05\/10\/episodio-69-dragon-sonambulo-caverna-pensante\/\" target=\"_blank\" rel=\"noopener\">Podcast M\u00e1s Madera 69<\/a>\u00a0\u2013 A partir de 01:08:52<\/li>\n<li><a href=\"https:\/\/diasdejuego.com\/2019\/04\/\" target=\"_blank\" rel=\"noopener\">D\u00edas de Juego 104<\/a>\u00a0\u2013 A partir de 02:11:55<\/li>\n<li><a href=\"https:\/\/www.visludica.com\/podcast\/145\/\" target=\"_blank\" rel=\"noopener\">Vis l\u00fadica 145<\/a>\u00a0\u2013 A partir de 02:00:27<\/li>\n<li><a href=\"https:\/\/www.visludica.com\/podcast\/146\/\" target=\"_blank\" rel=\"noopener\">Vis l\u00fadica 146<\/a>\u00a0\u2013 A partir de 01:23:25<\/li>\n<li><a href=\"https:\/\/ciudadanomeeple.wordpress.com\/2019\/06\/29\/episodio-31-russian-railroads-colocacion-de-trabajadores\/\" target=\"_blank\" rel=\"noopener\">Ciudadano Meeple<\/a>\u00a0\u2013 A partir de 01:55:13<\/li>\n<\/ul>\n<p>[\/vc_column_text][\/vc_column_inner][vc_column_inner width=&#8221;1\/2&#8243; css=&#8221;.vc_custom_1765789782381{porto_vc_design_option}&#8221; css_params=&#8221;{&#8220;css_padding_top_xs&#8220;:&#8220;40px&#8220;}&#8221; custom_css_response=&#8221;@media(max-width:575px){.vc_custom_1765789782381{padding-top:40px!important;}}&#8221;][vc_column_text css=&#8221;&#8221; css_params=&#8221;&#8221;]Reviews in Spanish<\/p>\n<ul>\n<li><a href=\"https:\/\/misutmeeple.com\/2019\/04\/resena-fantasy-realms\/\" target=\"_blank\" rel=\"noopener\">Misut Meeple<\/a><\/li>\n<li><a href=\"http:\/\/muchachitaludica.com\/2019\/05\/09\/fantasy-realms\/\" target=\"_blank\" rel=\"noopener\">Muchachita L\u00fadica<\/a><\/li>\n<li><a href=\"https:\/\/jugandoenpareja.wordpress.com\/2019\/05\/22\/juego-de-hoy-fantasy-realms\/\" target=\"_blank\" rel=\"noopener\">Jugando en pareja<\/a><\/li>\n<li><a href=\"https:\/\/muevecubos.com\/blog\/resena-fantasy-realms\/\" target=\"_blank\" rel=\"noopener\">Muevecubos<\/a><\/li>\n<li><a href=\"https:\/\/doctormeeple.es\/2019\/06\/14\/resena-de-fantasy-realms\/\" target=\"_blank\" rel=\"noopener\">Doctor Meeple<\/a><\/li>\n<li><a href=\"https:\/\/www.elclubdante.es\/fantasy-realms\/\" target=\"_blank\" rel=\"noopener\">El club Dante<\/a><\/li>\n<li><a href=\"https:\/\/consolaytablero.com\/2019\/04\/24\/fantasy-realms-joya-combinaciones\/\" target=\"_blank\" rel=\"noopener\">Consola y tablero<\/a><\/li>\n<li><a href=\"https:\/\/destroqueladores.wordpress.com\/2019\/08\/09\/fantasy-realms\/\" target=\"_blank\" rel=\"noopener\">Destroqueladores<\/a><\/li>\n<li><a href=\"https:\/\/db94blog.wordpress.com\/2019\/07\/16\/fantasy-realms-el-juego-con-una-regla\/\" target=\"_blank\" rel=\"noopener\">Docking bay 94<\/a><\/li>\n<li><a href=\"http:\/\/gothamcomicsmallorca.blogspot.com\/2019\/06\/juego-recomendado-fantasy-realms.html\" target=\"_blank\" rel=\"noopener\">Gotham Comics<\/a><\/li>\n<\/ul>\n<p>[\/vc_column_text][\/vc_column_inner][\/vc_row_inner][\/vc_column][\/vc_row][vc_row full_width=&#8221;stretch_row&#8221; wrap_container=&#8221;yes&#8221; conditional_render=&#8221;%5B%7B%22value_role%22%3A%22administrator%22%7D%5D&#8221; css_params=&#8221;&#8221; css=&#8221;.vc_custom_1765444182020{margin-top: 90px !important;}&#8221;][vc_column conditional_render=&#8221;%5B%7B%22value_role%22%3A%22administrator%22%7D%5D&#8221; css_params=&#8221;&#8221;][vc_custom_heading text=&#8221;V\u00cdDEOS&#8221; font_container=&#8221;tag:p|font_size:20px|text_align:left|color:%23444444&#8243; use_theme_fonts=&#8221;yes&#8221; font_family=&#8221;Poppins&#8221; font_weight=&#8221;500&#8243; letter_spacing=&#8221;0.085em&#8221; show_border=&#8221;yes&#8221; border_type=&#8221;middle-border&#8221; border_size=&#8221;xs&#8221; border_spacing=&#8221;{&#8220;xl&#8220;:&#8220;10&#8220;,&#8220;unit&#8220;:&#8220;&#8220;,&#8220;xs&#8220;:&#8220;&#8220;,&#8220;sm&#8220;:&#8220;&#8220;,&#8220;md&#8220;:&#8220;&#8220;,&#8220;lg&#8220;:&#8220;&#8220;}&#8221; css_params=&#8221;&#8221; border_color=&#8221;#dae8f2&#8243; css=&#8221;.vc_custom_1766135235714{padding-top: 5px !important;padding-right: 12px !important;padding-bottom: 5px !important;padding-left: 12px !important;background-color: #dae8f2 !important;}&#8221;][vc_row_inner css=&#8221;.vc_custom_1766081828239{margin-bottom: 20px !important;}&#8221; css_params=&#8221;{&#8220;css_margin_bottom_xs&#8220;:&#8220;0px&#8220;}&#8221; custom_css_response=&#8221;@media(max-width:575px){.vc_custom_1766081828239{margin-bottom:0px!important;}}&#8221;][vc_column_inner width=&#8221;1\/3&#8243;][vc_video link=&#8221;https:\/\/www.youtube.com\/watch?v=JmmiUN1a37g&#8221; css=&#8221;&#8221; css_params=&#8221;&#8221;][\/vc_column_inner][vc_column_inner width=&#8221;1\/3&#8243;][vc_video link=&#8221;https:\/\/www.youtube.com\/watch?v=sMRxCQirZw8&#8243; css=&#8221;&#8221; css_params=&#8221;&#8221;][\/vc_column_inner][vc_column_inner width=&#8221;1\/3&#8243;][vc_video link=&#8221;https:\/\/www.youtube.com\/watch?v=j0QQVoYAD_c&#8221; css=&#8221;&#8221; css_params=&#8221;&#8221;][\/vc_column_inner][\/vc_row_inner][vc_row_inner][vc_column_inner width=&#8221;1\/3&#8243;][vc_video link=&#8221;https:\/\/www.youtube.com\/watch?v=8Ejsar6WDeU&#8221; css=&#8221;&#8221; css_params=&#8221;&#8221;][\/vc_column_inner][vc_column_inner width=&#8221;1\/3&#8243;][vc_video link=&#8221;https:\/\/www.youtube.com\/watch?v=R-2d87baqRc&#8221; css=&#8221;&#8221; css_params=&#8221;&#8221;][\/vc_column_inner][vc_column_inner width=&#8221;1\/3&#8243;][vc_video link=&#8221;https:\/\/www.youtube.com\/watch?v=cq1noJxio08&#8243; css=&#8221;&#8221; css_params=&#8221;&#8221;][\/vc_column_inner][\/vc_row_inner][\/vc_column][\/vc_row][vc_row full_width=&#8221;stretch_row&#8221; wrap_container=&#8221;yes&#8221; conditional_render=&#8221;%5B%7B%22value_role%22%3A%22administrator%22%7D%5D&#8221; css_params=&#8221;&#8221; css=&#8221;.vc_custom_1765444182020{margin-top: 90px !important;}&#8221;][vc_column conditional_render=&#8221;%5B%7B%22value_role%22%3A%22administrator%22%7D%5D&#8221; css_params=&#8221;&#8221;][vc_custom_heading text=&#8221;NEWS&#8221; font_container=&#8221;tag:p|font_size:20px|text_align:left|color:%23444444&#8243; use_theme_fonts=&#8221;yes&#8221; font_family=&#8221;Poppins&#8221; font_weight=&#8221;500&#8243; letter_spacing=&#8221;0.085em&#8221; show_border=&#8221;yes&#8221; border_type=&#8221;middle-border&#8221; border_size=&#8221;xs&#8221; border_spacing=&#8221;{&#8220;xl&#8220;:&#8220;10&#8220;,&#8220;unit&#8220;:&#8220;&#8220;,&#8220;xs&#8220;:&#8220;&#8220;,&#8220;sm&#8220;:&#8220;&#8220;,&#8220;md&#8220;:&#8220;&#8220;,&#8220;lg&#8220;:&#8220;&#8220;}&#8221; css_params=&#8221;&#8221; border_color=&#8221;#dae8f2&#8243; css=&#8221;.vc_custom_1767958305869{padding-top: 5px !important;padding-right: 12px !important;padding-bottom: 5px !important;padding-left: 12px !important;background-color: #dae8f2 !important;}&#8221;][porto_tb_posts post_type=&#8221;post&#8221; order=&#8221;ASC&#8221; view=&#8221;slider&#8221; columns=&#8221;3&#8243; columns_mobile=&#8221;2&#8243; image_size=&#8221;blog-medium&#8221; nav_visible=&#8221;{&#8220;xl&#8220;:&#8220;block&#8220;}&#8221; autoplay=&#8221;yes&#8221; autoplay_timeout=&#8221;5000&#8243; builder_id=&#8221;2884&#8243; nav_fs=&#8221;{&#8220;md&#8220;:&#8220;24&#8220;,&#8220;unit&#8220;:&#8220;&#8220;,&#8220;xs&#8220;:&#8220;&#8220;,&#8220;sm&#8220;:&#8220;&#8220;,&#8220;lg&#8220;:&#8220;&#8220;,&#8220;xl&#8220;:40}&#8221; nav_width=&#8221;{&#8220;md&#8220;:&#8220;34&#8220;,&#8220;unit&#8220;:&#8220;&#8220;,&#8220;xs&#8220;:&#8220;&#8220;,&#8220;sm&#8220;:&#8220;&#8220;,&#8220;lg&#8220;:&#8220;&#8220;,&#8220;xl&#8220;:50}&#8221; nav_height=&#8221;{&#8220;md&#8220;:&#8220;34&#8220;,&#8220;unit&#8220;:&#8220;&#8220;,&#8220;xs&#8220;:&#8220;&#8220;,&#8220;sm&#8220;:&#8220;&#8220;,&#8220;lg&#8220;:&#8220;&#8220;,&#8220;xl&#8220;:50}&#8221; nav_br=&#8221;{&#8220;unit&#8220;:&#8220;%&#8220;,&#8220;xs&#8220;:&#8220;&#8220;,&#8220;sm&#8220;:&#8220;&#8220;,&#8220;md&#8220;:&#8220;&#8220;,&#8220;lg&#8220;:&#8220;&#8220;,&#8220;xl&#8220;:&#8220;50&#8220;}&#8221; nav_h_pos=&#8221;{&#8220;md&#8220;:&#8220;-17&#8220;,&#8220;unit&#8220;:&#8220;&#8220;,&#8220;xs&#8220;:&#8220;&#8220;,&#8220;sm&#8220;:&#8220;&#8220;,&#8220;lg&#8220;:&#8220;&#8220;,&#8220;xl&#8220;:-25}&#8221; nav_color=&#8221;var(&#8211;porto-dark-color)&#8221; nav_h_color=&#8221;var(&#8211;porto-light-color)&#8221; nav_bg_color=&#8221;var(&#8211;porto-light-color)&#8221; nav_h_bg_color=&#8221;var(&#8211;porto-primary-color)&#8221; css_params=&#8221;&#8221; el_class=&#8221;nav-border hide-disabled-nav&#8221; count=&#8221;6&#8243; post_terms=&#8221;101&#8243;][\/vc_column][\/vc_row]<\/p>\n<\/div>","protected":false},"excerpt":{"rendered":"<p>[vc_row][vc_column][vc_row_inner content_placement=&#8221;middle&#8221; css=&#8221;.vc_custom_1765480377744{margin-bottom: 40px !important;}&#8221; css_params=&#8221;&#8221;][vc_column_inner width=&#8221;2\/3&#8243;][\/vc_column_inner][vc_column_inner width=&#8221;1\/3&#8243; css=&#8221;.vc_custom_1765789726224{porto_vc_design_option}&#8221; css_params=&#8221;{&#8220;css_padding_top_xs&#8220;:&#8220;40px&#8220;}&#8221; custom_css_response=&#8221;@media(max-width:575px){.vc_custom_1765789726224{padding-top:40px!important;}}&#8221;][vc_video link=&#8221;https:\/\/www.youtube.com\/watch?v=y3Q-CC85pzw&#8221;][\/vc_column_inner][\/vc_row_inner][vc_column_text css=&#8221;&#8221; css_params=&#8221;&#8221;]Fantasy Realms is a card game by Bruce Glassco for 2 to 6 players. In short: You start with 7 scoring cards in your hand, which can be combined with each other. On your turn, you draw a card from the deck [&hellip;]<\/p>\n","protected":false},"featured_media":5304,"comment_status":"open","ping_status":"closed","template":"","meta":[],"product_brand":[],"product_cat":[123],"product_tag":[],"class_list":{"0":"post-5302","1":"product","2":"type-product","3":"status-publish","4":"has-post-thumbnail","6":"product_cat-fantasy-realms","8":"first","9":"instock","10":"taxable","11":"shipping-taxable","12":"purchasable","13":"product-type-simple"},"_links":{"self":[{"href":"https:\/\/www.loopinggames.com\/en\/wp-json\/wp\/v2\/product\/5302","targetHints":{"allow":["GET"]}}],"collection":[{"href":"https:\/\/www.loopinggames.com\/en\/wp-json\/wp\/v2\/product"}],"about":[{"href":"https:\/\/www.loopinggames.com\/en\/wp-json\/wp\/v2\/types\/product"}],"replies":[{"embeddable":true,"href":"https:\/\/www.loopinggames.com\/en\/wp-json\/wp\/v2\/comments?post=5302"}],"wp:featuredmedia":[{"embeddable":true,"href":"https:\/\/www.loopinggames.com\/en\/wp-json\/wp\/v2\/media\/5304"}],"wp:attachment":[{"href":"https:\/\/www.loopinggames.com\/en\/wp-json\/wp\/v2\/media?parent=5302"}],"wp:term":[{"taxonomy":"product_brand","embeddable":true,"href":"https:\/\/www.loopinggames.com\/en\/wp-json\/wp\/v2\/product_brand?post=5302"},{"taxonomy":"product_cat","embeddable":true,"href":"https:\/\/www.loopinggames.com\/en\/wp-json\/wp\/v2\/product_cat?post=5302"},{"taxonomy":"product_tag","embeddable":true,"href":"https:\/\/www.loopinggames.com\/en\/wp-json\/wp\/v2\/product_tag?post=5302"}],"curies":[{"name":"wp","href":"https:\/\/api.w.org\/{rel}","templated":true}]}}