{"id":5243,"date":"2024-11-10T07:46:53","date_gmt":"2024-11-10T06:46:53","guid":{"rendered":"https:\/\/www.loopinggames.com\/juegos\/uncategorized\/1980-sixtina\/"},"modified":"2024-11-10T07:46:53","modified_gmt":"2024-11-10T06:46:53","slug":"1980-sixtina","status":"publish","type":"product","link":"https:\/\/www.loopinggames.com\/en\/boardgames\/1900-series\/1980-sixtina\/","title":{"rendered":"1980 Sixtina"},"content":{"rendered":"<div class=\"wpb-content-wrapper\"><p>[vc_row conditional_render=&#8221;%5B%7B%22value_role%22%3A%22administrator%22%7D%5D&#8221; css_params=&#8221;&#8221;][vc_column][vc_row_inner content_placement=&#8221;middle&#8221; css=&#8221;.vc_custom_1766048635432{margin-bottom: 40px !important;}&#8221; css_params=&#8221;&#8221;][vc_column_inner width=&#8221;2\/3&#8243; css_params=&#8221;&#8221;]<div class=\"porto-gallery has-ccols ccols-1 ccols-sm-2 ccols-md-3 ccols-lg-4 wpb_custom_ffcb95ac1bf9ae5057e3cfc56378674a porto-carousel owl-carousel nav-pos-inside nav-style-2 align-items-center lightbox\" data-plugin-options=\"{&quot;autoplay&quot;:true,&quot;autoplayHoverPause&quot;:true,&quot;autoplayTimeout&quot;:5000,&quot;items&quot;:4,&quot;xl&quot;:4,&quot;lg&quot;:4,&quot;md&quot;:3,&quot;sm&quot;:2,&quot;xs&quot;:1,&quot;nav&quot;:true,&quot;dots&quot;:false}\" data-lightbox-options=\"{&quot;delegate&quot;:&quot;a&quot;,&quot;mainClass&quot;:&quot;mfp-with-zoom&quot;,&quot;zoom&quot;:{&quot;enabled&quot;:true,&quot;duration&quot;:300},&quot;gallery&quot;:{&quot;enabled&quot;:true},&quot;type&quot;:&quot;image&quot;}\"><a class=\"hover-effect-dir\" href=\"https:\/\/www.loopinggames.com\/wp-content\/uploads\/2025\/08\/1980-Sixtina-Foto01-812x1000-1.jpg\"><figure><img loading=\"lazy\" decoding=\"async\" width=\"560\" height=\"367\" src=\"https:\/\/www.loopinggames.com\/wp-content\/uploads\/2025\/08\/1980-Sixtina-Foto01-812x1000-1-560x367.jpg\" class=\"attachment-portfolio-large size-portfolio-large\" alt=\"\" \/><div class=\"fill\"><i class=\"centered-icon fa fa-plus\"><\/i><\/div><\/figure><\/a><a class=\"hover-effect-dir\" href=\"https:\/\/www.loopinggames.com\/wp-content\/uploads\/2025\/08\/1980-Sixtina-Foto10-1509x1000-1.jpg\"><figure><img loading=\"lazy\" decoding=\"async\" width=\"560\" height=\"367\" src=\"https:\/\/www.loopinggames.com\/wp-content\/uploads\/2025\/08\/1980-Sixtina-Foto10-1509x1000-1-560x367.jpg\" class=\"attachment-portfolio-large size-portfolio-large\" alt=\"\" \/><div class=\"fill\"><i class=\"centered-icon fa fa-plus\"><\/i><\/div><\/figure><\/a><a class=\"hover-effect-dir\" href=\"https:\/\/www.loopinggames.com\/wp-content\/uploads\/2025\/08\/1980-Sixtina-Foto09.jpg\"><figure><img loading=\"lazy\" decoding=\"async\" width=\"560\" height=\"367\" src=\"https:\/\/www.loopinggames.com\/wp-content\/uploads\/2025\/08\/1980-Sixtina-Foto09-560x367.jpg\" class=\"attachment-portfolio-large size-portfolio-large\" alt=\"\" \/><div class=\"fill\"><i class=\"centered-icon fa fa-plus\"><\/i><\/div><\/figure><\/a><a class=\"hover-effect-dir\" href=\"https:\/\/www.loopinggames.com\/wp-content\/uploads\/2025\/08\/1980-Sixtina-Foto08-606x1000-1.jpg\"><figure><img loading=\"lazy\" decoding=\"async\" width=\"560\" height=\"367\" src=\"https:\/\/www.loopinggames.com\/wp-content\/uploads\/2025\/08\/1980-Sixtina-Foto08-606x1000-1-560x367.jpg\" class=\"attachment-portfolio-large size-portfolio-large\" alt=\"\" \/><div class=\"fill\"><i class=\"centered-icon fa fa-plus\"><\/i><\/div><\/figure><\/a><a class=\"hover-effect-dir\" href=\"https:\/\/www.loopinggames.com\/wp-content\/uploads\/2025\/08\/1980-Sixtina-Foto07-1800x831-1.jpg\"><figure><img loading=\"lazy\" decoding=\"async\" width=\"560\" height=\"367\" src=\"https:\/\/www.loopinggames.com\/wp-content\/uploads\/2025\/08\/1980-Sixtina-Foto07-1800x831-1-560x367.jpg\" class=\"attachment-portfolio-large size-portfolio-large\" alt=\"\" \/><div class=\"fill\"><i class=\"centered-icon fa fa-plus\"><\/i><\/div><\/figure><\/a><a class=\"hover-effect-dir\" href=\"https:\/\/www.loopinggames.com\/wp-content\/uploads\/2025\/08\/1980-Sixtina-Foto06-1536x1000-1.jpg\"><figure><img loading=\"lazy\" decoding=\"async\" width=\"560\" height=\"367\" src=\"https:\/\/www.loopinggames.com\/wp-content\/uploads\/2025\/08\/1980-Sixtina-Foto06-1536x1000-1-560x367.jpg\" class=\"attachment-portfolio-large size-portfolio-large\" alt=\"\" \/><div class=\"fill\"><i class=\"centered-icon fa fa-plus\"><\/i><\/div><\/figure><\/a><a class=\"hover-effect-dir\" href=\"https:\/\/www.loopinggames.com\/wp-content\/uploads\/2025\/08\/1980-Sixtina-Foto05-1609x1000-1.jpg\"><figure><img loading=\"lazy\" decoding=\"async\" width=\"560\" height=\"367\" src=\"https:\/\/www.loopinggames.com\/wp-content\/uploads\/2025\/08\/1980-Sixtina-Foto05-1609x1000-1-560x367.jpg\" class=\"attachment-portfolio-large size-portfolio-large\" alt=\"\" \/><div class=\"fill\"><i class=\"centered-icon fa fa-plus\"><\/i><\/div><\/figure><\/a><a class=\"hover-effect-dir\" href=\"https:\/\/www.loopinggames.com\/wp-content\/uploads\/2025\/08\/1980-Sixtina-Foto04-1800x981-1.jpg\"><figure><img loading=\"lazy\" decoding=\"async\" width=\"560\" height=\"367\" src=\"https:\/\/www.loopinggames.com\/wp-content\/uploads\/2025\/08\/1980-Sixtina-Foto04-1800x981-1-560x367.jpg\" class=\"attachment-portfolio-large size-portfolio-large\" alt=\"\" \/><div class=\"fill\"><i class=\"centered-icon fa fa-plus\"><\/i><\/div><\/figure><\/a><a class=\"hover-effect-dir\" href=\"https:\/\/www.loopinggames.com\/wp-content\/uploads\/2025\/08\/1980-Sixtina-Foto03-495x1000-1.jpg\"><figure><img loading=\"lazy\" decoding=\"async\" width=\"495\" height=\"367\" src=\"https:\/\/www.loopinggames.com\/wp-content\/uploads\/2025\/08\/1980-Sixtina-Foto03-495x1000-1-495x367.jpg\" class=\"attachment-portfolio-large size-portfolio-large\" alt=\"\" \/><div class=\"fill\"><i class=\"centered-icon fa fa-plus\"><\/i><\/div><\/figure><\/a><a class=\"hover-effect-dir\" href=\"https:\/\/www.loopinggames.com\/wp-content\/uploads\/2025\/08\/1980-Sixtina-Foto02-1585x1000-1.jpg\"><figure><img loading=\"lazy\" decoding=\"async\" width=\"560\" height=\"367\" src=\"https:\/\/www.loopinggames.com\/wp-content\/uploads\/2025\/08\/1980-Sixtina-Foto02-1585x1000-1-560x367.jpg\" class=\"attachment-portfolio-large size-portfolio-large\" alt=\"\" \/><div class=\"fill\"><i class=\"centered-icon fa fa-plus\"><\/i><\/div><\/figure><\/a><\/div>[\/vc_column_inner][vc_column_inner width=&#8221;1\/3&#8243; css=&#8221;.vc_custom_1766049091677{porto_vc_design_option}&#8221; css_params=&#8221;{&#8220;css_padding_top_xs&#8220;:&#8220;40px&#8220;}&#8221; custom_css_response=&#8221;@media(max-width:575px){.vc_custom_1766049091677{padding-top:40px!important;}}&#8221;][vc_video link=&#8221;https:\/\/www.youtube.com\/watch?v=bDjNqk-3sKI&#8221; css=&#8221;&#8221; css_params=&#8221;&#8221;][\/vc_column_inner][\/vc_row_inner][vc_column_text css=&#8221;&#8221; css_params=&#8221;&#8221;]<strong>In 1980, the most ambitious restoration process in art history began: bringing color back to the Sistine Chapel. For 14 years, a team of experts from the Vatican undertook the meticulous job of cleaning and consolidation that forever changed art history.<\/strong><\/p>\n<p>Compete as a restorer in this monumental event and use all available techniques to restore the brilliance and splendor of the frescoes by Michelangelo, Botticelli, Perugino, Ghirlandaio, and Rosselli as the Sistine Chapel unfolds before you on your table. Prepare to immerse yourselves in a challenge where art and history intertwine with every brushstroke![\/vc_column_text][vc_single_image image=&#8221;5247&#8243; img_size=&#8221;full&#8221; css=&#8221;&#8221; css_params=&#8221;&#8221;][\/vc_column][\/vc_row][vc_row css=&#8221;.vc_custom_1765447655819{margin-top: 90px !important;}&#8221; conditional_render=&#8221;%5B%7B%22value_role%22%3A%22administrator%22%7D%5D&#8221; css_params=&#8221;&#8221;][vc_column width=&#8221;1\/4&#8243;][vc_custom_heading text=&#8221;COMPONENTS&#8221; font_container=&#8221;tag:p|font_size:20px|text_align:left|color:%23444444&#8243; use_theme_fonts=&#8221;yes&#8221; font_family=&#8221;Poppins&#8221; font_weight=&#8221;500&#8243; letter_spacing=&#8221;0.085em&#8221; show_border=&#8221;yes&#8221; border_type=&#8221;middle-border&#8221; border_size=&#8221;xs&#8221; border_spacing=&#8221;{&#8220;xl&#8220;:&#8220;10&#8220;,&#8220;unit&#8220;:&#8220;&#8220;,&#8220;xs&#8220;:&#8220;&#8220;,&#8220;sm&#8220;:&#8220;&#8220;,&#8220;md&#8220;:&#8220;&#8220;,&#8220;lg&#8220;:&#8220;&#8220;}&#8221; css_params=&#8221;&#8221; border_color=&#8221;#dae8f2&#8243; css=&#8221;.vc_custom_1767956873681{padding-top: 5px !important;padding-right: 12px !important;padding-bottom: 5px !important;padding-left: 12px !important;background-color: #dae8f2 !important;}&#8221;][vc_column_text css=&#8221;&#8221; css_params=&#8221;&#8221;]<\/p>\n<ul>\n<li>1 score board<\/li>\n<li>26 large fresco cards<\/li>\n<li>9 large sheet cards<\/li>\n<li>84 technique cards<\/li>\n<li>12 objective cards<\/li>\n<li>4 summary cards<\/li>\n<li>4 black materials<\/li>\n<li>60 maerials in 4 colors<\/li>\n<li>1 rulebook (English and Spanish)<\/li>\n<\/ul>\n<p>[\/vc_column_text][\/vc_column][vc_column width=&#8221;1\/4&#8243; css=&#8221;.vc_custom_1765789434846{porto_vc_design_option}&#8221; conditional_render=&#8221;%5B%7B%22value_role%22%3A%22administrator%22%7D%5D&#8221; css_params=&#8221;{&#8220;css_padding_top_xs&#8220;:&#8220;60px&#8220;,&#8220;css_padding_bottom_xs&#8220;:&#8220;60px&#8220;}&#8221; custom_css_response=&#8221;@media(max-width:575px){.vc_custom_1765789434846{padding-top:60px!important;padding-bottom:60px!important;}}&#8221;][vc_custom_heading text=&#8221;DOWNLOADS&#8221; font_container=&#8221;tag:p|font_size:20px|text_align:left|color:%23444444&#8243; use_theme_fonts=&#8221;yes&#8221; font_family=&#8221;Poppins&#8221; font_weight=&#8221;500&#8243; letter_spacing=&#8221;0.085em&#8221; show_border=&#8221;yes&#8221; border_type=&#8221;middle-border&#8221; border_size=&#8221;xs&#8221; border_spacing=&#8221;{&#8220;xl&#8220;:&#8220;10&#8220;,&#8220;unit&#8220;:&#8220;&#8220;,&#8220;xs&#8220;:&#8220;&#8220;,&#8220;sm&#8220;:&#8220;&#8220;,&#8220;md&#8220;:&#8220;&#8220;,&#8220;lg&#8220;:&#8220;&#8220;}&#8221; css_params=&#8221;&#8221; border_color=&#8221;#dae8f2&#8243; css=&#8221;.vc_custom_1767956880156{padding-top: 5px !important;padding-right: 12px !important;padding-bottom: 5px !important;padding-left: 12px !important;background-color: #dae8f2 !important;}&#8221;][vc_column_text css=&#8221;&#8221; css_params=&#8221;&#8221;]<\/p>\n<ul>\n<li><a href=\"https:\/\/www.loopinggames.com\/wp-content\/uploads\/2025\/12\/1980-RulesV2.pdf\">Manual<\/a><\/li>\n<\/ul>\n<p>[\/vc_column_text][\/vc_column][vc_column width=&#8221;2\/4&#8243;][vc_custom_heading text=&#8221;RESOURCES&#8221; font_container=&#8221;tag:p|font_size:20px|text_align:left|color:%23444444&#8243; use_theme_fonts=&#8221;yes&#8221; font_family=&#8221;Poppins&#8221; font_weight=&#8221;500&#8243; letter_spacing=&#8221;0.085em&#8221; show_border=&#8221;yes&#8221; border_type=&#8221;middle-border&#8221; border_size=&#8221;xs&#8221; border_spacing=&#8221;{&#8220;xl&#8220;:&#8220;10&#8220;,&#8220;unit&#8220;:&#8220;&#8220;,&#8220;xs&#8220;:&#8220;&#8220;,&#8220;sm&#8220;:&#8220;&#8220;,&#8220;md&#8220;:&#8220;&#8220;,&#8220;lg&#8220;:&#8220;&#8220;}&#8221; css_params=&#8221;&#8221; border_color=&#8221;#dae8f2&#8243; css=&#8221;.vc_custom_1767956887089{padding-top: 5px !important;padding-right: 12px !important;padding-bottom: 5px !important;padding-left: 12px !important;background-color: #dae8f2 !important;}&#8221;][vc_row_inner][vc_column_inner width=&#8221;1\/2&#8243;][vc_column_text css=&#8221;&#8221; css_params=&#8221;&#8221;]<\/p>\n<p class=\"mpc-icon-column__heading mpc-transition\">Podcast<\/p>\n<div class=\"mpc-icon-column__description mpc-transition\">\n<ul>\n<li><a href=\"https:\/\/puntodevictoria.com\/episodio-63\" target=\"_blank\" rel=\"noopener\">Punto de Victoria<\/a>\u00a0\u2013 A partir del 01:15:40<\/li>\n<li><a href=\"https:\/\/podtail.se\/podcast\/jugando-con-da2\/sesiones-de-juego-5-deja-vu-fantasy-realms\/\" target=\"_blank\" rel=\"noopener\">Jugando con Da2 \u2013 Sesiones de juego<\/a>\u00a0\u2013 A partir de 09:50<\/li>\n<li><a href=\"https:\/\/masmaderapodcast.wordpress.com\/2019\/05\/10\/episodio-69-dragon-sonambulo-caverna-pensante\/\" target=\"_blank\" rel=\"noopener\">Podcast M\u00e1s Madera 69<\/a>\u00a0\u2013 A partir de 01:08:52<\/li>\n<li><a href=\"https:\/\/diasdejuego.com\/2019\/04\/\" target=\"_blank\" rel=\"noopener\">D\u00edas de Juego 104<\/a>\u00a0\u2013 A partir de 02:11:55<\/li>\n<li><a href=\"https:\/\/www.visludica.com\/podcast\/145\/\" target=\"_blank\" rel=\"noopener\">Vis l\u00fadica 145<\/a>\u00a0\u2013 A partir de 02:00:27<\/li>\n<li><a href=\"https:\/\/www.visludica.com\/podcast\/146\/\" target=\"_blank\" rel=\"noopener\">Vis l\u00fadica 146<\/a>\u00a0\u2013 A partir de 01:23:25<\/li>\n<li><a href=\"https:\/\/ciudadanomeeple.wordpress.com\/2019\/06\/29\/episodio-31-russian-railroads-colocacion-de-trabajadores\/\" target=\"_blank\" rel=\"noopener\">Ciudadano Meeple<\/a>\u00a0\u2013 A partir de 01:55:13<\/li>\n<\/ul>\n<\/div>\n<p>[\/vc_column_text][\/vc_column_inner][vc_column_inner width=&#8221;1\/2&#8243; css=&#8221;.vc_custom_1765789304533{porto_vc_design_option}&#8221; css_params=&#8221;{&#8220;css_padding_top_xs&#8220;:&#8220;40px&#8220;}&#8221; custom_css_response=&#8221;@media(max-width:575px){.vc_custom_1765789304533{padding-top:40px!important;}}&#8221;][vc_column_text css=&#8221;&#8221; css_params=&#8221;&#8221;]<\/p>\n<p class=\"mpc-icon-column__heading mpc-transition\">Reviews in spanish<\/p>\n<div class=\"mpc-icon-column__description mpc-transition\">\n<ul>\n<li><a href=\"https:\/\/misutmeeple.com\/2019\/04\/resena-fantasy-realms\/\" target=\"_blank\" rel=\"noopener\">Misut Meeple<\/a><\/li>\n<li><a href=\"http:\/\/muchachitaludica.com\/2019\/05\/09\/fantasy-realms\/\" target=\"_blank\" rel=\"noopener\">Muchachita L\u00fadica<\/a><\/li>\n<li><a href=\"https:\/\/jugandoenpareja.wordpress.com\/2019\/05\/22\/juego-de-hoy-fantasy-realms\/\" target=\"_blank\" rel=\"noopener\">Jugando en pareja<\/a><\/li>\n<li><a href=\"https:\/\/muevecubos.com\/blog\/resena-fantasy-realms\/\" target=\"_blank\" rel=\"noopener\">Muevecubos<\/a><\/li>\n<li><a href=\"https:\/\/doctormeeple.es\/2019\/06\/14\/resena-de-fantasy-realms\/\" target=\"_blank\" rel=\"noopener\">Doctor Meeple<\/a><\/li>\n<li><a href=\"https:\/\/www.elclubdante.es\/fantasy-realms\/\" target=\"_blank\" rel=\"noopener\">El club Dante<\/a><\/li>\n<li><a href=\"https:\/\/consolaytablero.com\/2019\/04\/24\/fantasy-realms-joya-combinaciones\/\" target=\"_blank\" rel=\"noopener\">Consola y tablero<\/a><\/li>\n<li><a href=\"https:\/\/destroqueladores.wordpress.com\/2019\/08\/09\/fantasy-realms\/\" target=\"_blank\" rel=\"noopener\">Destroqueladores<\/a><\/li>\n<li><a href=\"https:\/\/db94blog.wordpress.com\/2019\/07\/16\/fantasy-realms-el-juego-con-una-regla\/\" target=\"_blank\" rel=\"noopener\">Docking bay 94<\/a><\/li>\n<li><a href=\"http:\/\/gothamcomicsmallorca.blogspot.com\/2019\/06\/juego-recomendado-fantasy-realms.html\" target=\"_blank\" rel=\"noopener\">Gotham Comics<\/a><\/li>\n<\/ul>\n<\/div>\n<p>[\/vc_column_text][\/vc_column_inner][\/vc_row_inner][\/vc_column][\/vc_row][vc_row full_width=&#8221;stretch_row&#8221; wrap_container=&#8221;yes&#8221; conditional_render=&#8221;%5B%7B%22value_role%22%3A%22administrator%22%7D%5D&#8221; css_params=&#8221;&#8221; css=&#8221;.vc_custom_1765444171928{margin-top: 90px !important;}&#8221;][vc_column conditional_render=&#8221;%5B%7B%22value_role%22%3A%22administrator%22%7D%5D&#8221; css_params=&#8221;&#8221;][vc_custom_heading text=&#8221;V\u00cdDEOS&#8221; font_container=&#8221;tag:p|font_size:20px|text_align:left|color:%23444444&#8243; use_theme_fonts=&#8221;yes&#8221; font_family=&#8221;Poppins&#8221; font_weight=&#8221;500&#8243; letter_spacing=&#8221;0.085em&#8221; show_border=&#8221;yes&#8221; border_type=&#8221;middle-border&#8221; border_size=&#8221;xs&#8221; border_spacing=&#8221;{&#8220;xl&#8220;:&#8220;10&#8220;,&#8220;unit&#8220;:&#8220;&#8220;,&#8220;xs&#8220;:&#8220;&#8220;,&#8220;sm&#8220;:&#8220;&#8220;,&#8220;md&#8220;:&#8220;&#8220;,&#8220;lg&#8220;:&#8220;&#8220;}&#8221; css_params=&#8221;&#8221; border_color=&#8221;#dae8f2&#8243; css=&#8221;.vc_custom_1767956953082{padding-top: 5px !important;padding-right: 12px !important;padding-bottom: 5px !important;padding-left: 12px !important;background-color: #dae8f2 !important;}&#8221;][vc_row_inner css=&#8221;.vc_custom_1766081205338{margin-bottom: 20px !important;}&#8221; css_params=&#8221;{&#8220;css_margin_bottom_xs&#8220;:&#8220;0px&#8220;}&#8221; custom_css_response=&#8221;@media(max-width:575px){.vc_custom_1766081205338{margin-bottom:0px!important;}}&#8221;][vc_column_inner width=&#8221;1\/3&#8243;][vc_video link=&#8221;https:\/\/www.youtube.com\/watch?v=6OEvHDi3SKU&#8221; css=&#8221;&#8221; css_params=&#8221;&#8221;][\/vc_column_inner][vc_column_inner width=&#8221;1\/3&#8243;][vc_video link=&#8221;https:\/\/www.youtube.com\/watch?v=JsJzBKDm_cY&#8221; css=&#8221;&#8221; css_params=&#8221;&#8221;][\/vc_column_inner][vc_column_inner width=&#8221;1\/3&#8243;][vc_video link=&#8221;https:\/\/www.youtube.com\/watch?v=lX-5yYehxQI&#8221; css=&#8221;&#8221; css_params=&#8221;&#8221;][\/vc_column_inner][\/vc_row_inner][vc_row_inner][vc_column_inner width=&#8221;1\/3&#8243;][vc_video link=&#8221;https:\/\/www.youtube.com\/watch?v=dWt_FR7xKtA&#8221; css=&#8221;&#8221; css_params=&#8221;&#8221;][\/vc_column_inner][\/vc_row_inner][\/vc_column][\/vc_row]<\/p>\n<\/div>","protected":false},"excerpt":{"rendered":"<p>En 1980 comenz\u00f3 el proceso de restauraci\u00f3n m\u00e1s ambicioso de la historia del arte: devolver el color a la Capilla Sixtina. Durante 14 a\u00f1os, un equipo de expertos del Vaticano realiz\u00f3 un trabajo meticuloso de limpieza y consolidaci\u00f3n que cambi\u00f3 la historia del arte para siempre.<\/p>\n","protected":false},"featured_media":5245,"comment_status":"open","ping_status":"closed","template":"","meta":[],"product_brand":[],"product_cat":[121],"product_tag":[],"class_list":{"0":"post-5243","1":"product","2":"type-product","3":"status-publish","4":"has-post-thumbnail","6":"product_cat-1900-series","8":"first","9":"instock","10":"taxable","11":"shipping-taxable","12":"purchasable","13":"product-type-simple"},"_links":{"self":[{"href":"https:\/\/www.loopinggames.com\/en\/wp-json\/wp\/v2\/product\/5243","targetHints":{"allow":["GET"]}}],"collection":[{"href":"https:\/\/www.loopinggames.com\/en\/wp-json\/wp\/v2\/product"}],"about":[{"href":"https:\/\/www.loopinggames.com\/en\/wp-json\/wp\/v2\/types\/product"}],"replies":[{"embeddable":true,"href":"https:\/\/www.loopinggames.com\/en\/wp-json\/wp\/v2\/comments?post=5243"}],"wp:featuredmedia":[{"embeddable":true,"href":"https:\/\/www.loopinggames.com\/en\/wp-json\/wp\/v2\/media\/5245"}],"wp:attachment":[{"href":"https:\/\/www.loopinggames.com\/en\/wp-json\/wp\/v2\/media?parent=5243"}],"wp:term":[{"taxonomy":"product_brand","embeddable":true,"href":"https:\/\/www.loopinggames.com\/en\/wp-json\/wp\/v2\/product_brand?post=5243"},{"taxonomy":"product_cat","embeddable":true,"href":"https:\/\/www.loopinggames.com\/en\/wp-json\/wp\/v2\/product_cat?post=5243"},{"taxonomy":"product_tag","embeddable":true,"href":"https:\/\/www.loopinggames.com\/en\/wp-json\/wp\/v2\/product_tag?post=5243"}],"curies":[{"name":"wp","href":"https:\/\/api.w.org\/{rel}","templated":true}]}}