{"id":5192,"date":"2018-09-15T00:44:17","date_gmt":"2018-09-14T22:44:17","guid":{"rendered":"https:\/\/www.loopinggames.com\/juegos\/uncategorized\/1906-san-francisco\/"},"modified":"2018-09-15T00:44:17","modified_gmt":"2018-09-14T22:44:17","slug":"1906-san-francisco","status":"publish","type":"product","link":"https:\/\/www.loopinggames.com\/en\/boardgames\/1900-series\/1906-san-francisco\/","title":{"rendered":"1906 San Francisco"},"content":{"rendered":"<div class=\"wpb-content-wrapper\"><p>[vc_row][vc_column][vc_row_inner content_placement=&#8221;middle&#8221; css=&#8221;.vc_custom_1765480377744{margin-bottom: 40px !important;}&#8221; css_params=&#8221;&#8221;][vc_column_inner width=&#8221;2\/3&#8243;]<div class=\"porto-gallery has-ccols ccols-1 ccols-sm-2 ccols-md-3 ccols-lg-4 wpb_custom_539f1dc015fa3fca287178c38ffd62c3 porto-carousel owl-carousel nav-pos-inside nav-style-1 align-items-center lightbox\" data-plugin-options=\"{&quot;autoplay&quot;:true,&quot;autoplayHoverPause&quot;:true,&quot;autoplayTimeout&quot;:5000,&quot;items&quot;:4,&quot;xl&quot;:4,&quot;lg&quot;:4,&quot;md&quot;:3,&quot;sm&quot;:2,&quot;xs&quot;:1,&quot;nav&quot;:true,&quot;dots&quot;:false}\" data-lightbox-options=\"{&quot;delegate&quot;:&quot;a&quot;,&quot;mainClass&quot;:&quot;mfp-with-zoom&quot;,&quot;zoom&quot;:{&quot;enabled&quot;:true,&quot;duration&quot;:300},&quot;gallery&quot;:{&quot;enabled&quot;:true},&quot;type&quot;:&quot;image&quot;}\"><a class=\"hover-effect-dir\" href=\"https:\/\/www.loopinggames.com\/wp-content\/uploads\/2025\/12\/1906-dm2-scaled.jpg\"><figure><img loading=\"lazy\" decoding=\"async\" width=\"560\" height=\"367\" src=\"https:\/\/www.loopinggames.com\/wp-content\/uploads\/2025\/12\/1906-dm2-560x367.jpg\" class=\"attachment-portfolio-large size-portfolio-large\" alt=\"\" \/><div class=\"fill\"><i class=\"centered-icon fa fa-plus\"><\/i><\/div><\/figure><\/a><a class=\"hover-effect-dir\" href=\"https:\/\/www.loopinggames.com\/wp-content\/uploads\/2025\/12\/1906-dm3-scaled.jpg\"><figure><img loading=\"lazy\" decoding=\"async\" width=\"560\" height=\"367\" src=\"https:\/\/www.loopinggames.com\/wp-content\/uploads\/2025\/12\/1906-dm3-560x367.jpg\" class=\"attachment-portfolio-large size-portfolio-large\" alt=\"\" \/><div class=\"fill\"><i class=\"centered-icon fa fa-plus\"><\/i><\/div><\/figure><\/a><a class=\"hover-effect-dir\" href=\"https:\/\/www.loopinggames.com\/wp-content\/uploads\/2025\/12\/1906-dm4-scaled.jpg\"><figure><img loading=\"lazy\" decoding=\"async\" width=\"560\" height=\"367\" src=\"https:\/\/www.loopinggames.com\/wp-content\/uploads\/2025\/12\/1906-dm4-560x367.jpg\" class=\"attachment-portfolio-large size-portfolio-large\" alt=\"\" \/><div class=\"fill\"><i class=\"centered-icon fa fa-plus\"><\/i><\/div><\/figure><\/a><a class=\"hover-effect-dir\" href=\"https:\/\/www.loopinggames.com\/wp-content\/uploads\/2025\/12\/1906-dm5-scaled.jpg\"><figure><img loading=\"lazy\" decoding=\"async\" width=\"560\" height=\"367\" src=\"https:\/\/www.loopinggames.com\/wp-content\/uploads\/2025\/12\/1906-dm5-560x367.jpg\" class=\"attachment-portfolio-large size-portfolio-large\" alt=\"\" \/><div class=\"fill\"><i class=\"centered-icon fa fa-plus\"><\/i><\/div><\/figure><\/a><a class=\"hover-effect-dir\" href=\"https:\/\/www.loopinggames.com\/wp-content\/uploads\/2025\/12\/1906-dm6-scaled.jpg\"><figure><img loading=\"lazy\" decoding=\"async\" width=\"560\" height=\"367\" src=\"https:\/\/www.loopinggames.com\/wp-content\/uploads\/2025\/12\/1906-dm6-560x367.jpg\" class=\"attachment-portfolio-large size-portfolio-large\" alt=\"\" \/><div class=\"fill\"><i class=\"centered-icon fa fa-plus\"><\/i><\/div><\/figure><\/a><a class=\"hover-effect-dir\" href=\"https:\/\/www.loopinggames.com\/wp-content\/uploads\/2025\/12\/1906-dm7-scaled.jpg\"><figure><img loading=\"lazy\" decoding=\"async\" width=\"560\" height=\"367\" src=\"https:\/\/www.loopinggames.com\/wp-content\/uploads\/2025\/12\/1906-dm7-560x367.jpg\" class=\"attachment-portfolio-large size-portfolio-large\" alt=\"\" \/><div class=\"fill\"><i class=\"centered-icon fa fa-plus\"><\/i><\/div><\/figure><\/a><a class=\"hover-effect-dir\" href=\"https:\/\/www.loopinggames.com\/wp-content\/uploads\/2025\/12\/1906-dm8-scaled.jpg\"><figure><img loading=\"lazy\" decoding=\"async\" width=\"560\" height=\"367\" src=\"https:\/\/www.loopinggames.com\/wp-content\/uploads\/2025\/12\/1906-dm8-560x367.jpg\" class=\"attachment-portfolio-large size-portfolio-large\" alt=\"\" \/><div class=\"fill\"><i class=\"centered-icon fa fa-plus\"><\/i><\/div><\/figure><\/a><a class=\"hover-effect-dir\" href=\"https:\/\/www.loopinggames.com\/wp-content\/uploads\/2025\/12\/1906-dm9-scaled.jpg\"><figure><img loading=\"lazy\" decoding=\"async\" width=\"560\" height=\"367\" src=\"https:\/\/www.loopinggames.com\/wp-content\/uploads\/2025\/12\/1906-dm9-560x367.jpg\" class=\"attachment-portfolio-large size-portfolio-large\" alt=\"\" \/><div class=\"fill\"><i class=\"centered-icon fa fa-plus\"><\/i><\/div><\/figure><\/a><\/div>[\/vc_column_inner][vc_column_inner width=&#8221;1\/3&#8243; css=&#8221;.vc_custom_1765787595856{porto_vc_design_option}&#8221; css_params=&#8221;{&#8220;css_margin_top_xs&#8220;:&#8220;40px&#8220;}&#8221; custom_css_response=&#8221;@media(max-width:575px){.vc_custom_1765787595856{margin-top:40px!important;}}&#8221;][vc_video link=&#8221;https:\/\/www.youtube.com\/watch?v=lrkLOituI7k&#8221; css=&#8221;&#8221; css_params=&#8221;&#8221;][\/vc_column_inner][\/vc_row_inner][vc_column_text css=&#8221;&#8221; css_params=&#8221;&#8221;]<strong>Early morning 18th April 1906, the city of San Francisco awakes shaken by a massive earthquake of magnitude 8.6 on the Richter scale and by a huge fire that started afterwards. Even today, it is classed as one of the worst natural disaster in the USA.<\/strong><\/p>\n<p>Be a Property Developer for the rapid reconstruction of San Francisco during the five years after the large-scale destruction. Get plots of land, money for rubble removal and to construct buildings, plan urban development for essential services and improve the city for its modernization.[\/vc_column_text][vc_single_image image=&#8221;5193&#8243; img_size=&#8221;full&#8221; css=&#8221;&#8221; css_params=&#8221;&#8221;][\/vc_column][\/vc_row][vc_row css=&#8221;.vc_custom_1765447655819{margin-top: 90px !important;}&#8221; conditional_render=&#8221;%5B%7B%22value_role%22%3A%22administrator%22%7D%5D&#8221; css_params=&#8221;&#8221;][vc_column width=&#8221;1\/4&#8243;][vc_custom_heading text=&#8221;COMPONENTS&#8221; font_container=&#8221;tag:p|font_size:20px|text_align:left|color:%23444444&#8243; use_theme_fonts=&#8221;yes&#8221; font_family=&#8221;Poppins&#8221; font_weight=&#8221;500&#8243; letter_spacing=&#8221;0.085em&#8221; show_border=&#8221;yes&#8221; border_type=&#8221;middle-border&#8221; border_size=&#8221;xs&#8221; border_spacing=&#8221;{&#8220;xl&#8220;:&#8220;10&#8220;,&#8220;unit&#8220;:&#8220;&#8220;,&#8220;xs&#8220;:&#8220;&#8220;,&#8220;sm&#8220;:&#8220;&#8220;,&#8220;md&#8220;:&#8220;&#8220;,&#8220;lg&#8220;:&#8220;&#8220;}&#8221; css_params=&#8221;&#8221; border_color=&#8221;#dae8f2&#8243; css=&#8221;.vc_custom_1767955640385{padding-top: 5px !important;padding-right: 12px !important;padding-bottom: 5px !important;padding-left: 12px !important;background-color: #dae8f2 !important;}&#8221;][vc_column_text css=&#8221;&#8221; css_params=&#8221;&#8221;]<\/p>\n<ul>\n<li>98 Cards<\/li>\n<li>2 Boards<\/li>\n<li>32 Buildings<\/li>\n<li>4 Playing Tokens<\/li>\n<li>1 Year Marker<\/li>\n<li>4 Development Tokens<\/li>\n<li>4 Money Tokens<\/li>\n<li>16 Rubble Tokens<\/li>\n<li>1 Money Record Tracker<\/li>\n<li>2 Set of Rules (spanish and english)<\/li>\n<\/ul>\n<p>[\/vc_column_text][\/vc_column][vc_column width=&#8221;1\/4&#8243; css=&#8221;.vc_custom_1765787815351{porto_vc_design_option}&#8221; conditional_render=&#8221;%5B%7B%22value_role%22%3A%22administrator%22%7D%5D&#8221; css_params=&#8221;{&#8220;css_padding_top_xs&#8220;:&#8220;60px&#8220;,&#8220;css_padding_bottom_xs&#8220;:&#8220;60px&#8220;}&#8221; custom_css_response=&#8221;@media(max-width:575px){.vc_custom_1765787815351{padding-top:60px!important;padding-bottom:60px!important;}}&#8221;][vc_custom_heading text=&#8221;DOWNLOADS&#8221; font_container=&#8221;tag:p|font_size:20px|text_align:left|color:%23444444&#8243; use_theme_fonts=&#8221;yes&#8221; font_family=&#8221;Poppins&#8221; font_weight=&#8221;500&#8243; letter_spacing=&#8221;0.085em&#8221; show_border=&#8221;yes&#8221; border_type=&#8221;middle-border&#8221; border_size=&#8221;xs&#8221; border_spacing=&#8221;{&#8220;xl&#8220;:&#8220;10&#8220;,&#8220;unit&#8220;:&#8220;&#8220;,&#8220;xs&#8220;:&#8220;&#8220;,&#8220;sm&#8220;:&#8220;&#8220;,&#8220;md&#8220;:&#8220;&#8220;,&#8220;lg&#8220;:&#8220;&#8220;}&#8221; css_params=&#8221;&#8221; border_color=&#8221;#dae8f2&#8243; css=&#8221;.vc_custom_1767955647756{padding-top: 5px !important;padding-right: 12px !important;padding-bottom: 5px !important;padding-left: 12px !important;background-color: #dae8f2 !important;}&#8221;][vc_column_text css=&#8221;&#8221; css_params=&#8221;&#8221;]<\/p>\n<ul>\n<li><a href=\"https:\/\/www.loopinggames.com\/wp-content\/uploads\/2025\/12\/1906-San-Francisco-2nd-Edition-Rules.pdf\" target=\"_blank\" rel=\"noopener noreferrer\">Rules 2nd Edition<\/a>&nbsp;(English)<\/li>\n<li><a href=\"https:\/\/www.loopinggames.com\/wp-content\/uploads\/2025\/12\/1906-Rules-GER-LOW.pdf\" target=\"_blank\" rel=\"noopener noreferrer\">Regeln 1. Auflage<\/a>&nbsp;(Deutsch)<\/li>\n<li><a href=\"https:\/\/www.loopinggames.com\/wp-content\/uploads\/2025\/12\/1906-Rules-FRE-LOW.pdf\" target=\"_blank\" rel=\"noopener noreferrer\">R\u00e8gles 1\u00e8re \u00e9dition<\/a>&nbsp;(Fran\u00e7ais)<\/li>\n<li><a title=\"Graphics\" href=\"https:\/\/www.loopinggames.com\/wp-content\/uploads\/2025\/12\/1906-San-Francisco-Graphics.zip\">Graphics<\/a><\/li>\n<li><a href=\"https:\/\/www.loopinggames.com\/wp-content\/uploads\/2025\/12\/1906-Card-SOLO-MODE.pdf\">Card solo mode<\/a><\/li>\n<\/ul>\n<p>[\/vc_column_text][\/vc_column][vc_column width=&#8221;2\/4&#8243;][vc_custom_heading text=&#8221;RESOURCES&#8221; font_container=&#8221;tag:p|font_size:20px|text_align:left|color:%23444444&#8243; use_theme_fonts=&#8221;yes&#8221; font_family=&#8221;Poppins&#8221; font_weight=&#8221;500&#8243; letter_spacing=&#8221;0.085em&#8221; show_border=&#8221;yes&#8221; border_type=&#8221;middle-border&#8221; border_size=&#8221;xs&#8221; border_spacing=&#8221;{&#8220;xl&#8220;:&#8220;10&#8220;,&#8220;unit&#8220;:&#8220;&#8220;,&#8220;xs&#8220;:&#8220;&#8220;,&#8220;sm&#8220;:&#8220;&#8220;,&#8220;md&#8220;:&#8220;&#8220;,&#8220;lg&#8220;:&#8220;&#8220;}&#8221; css_params=&#8221;&#8221; border_color=&#8221;#dae8f2&#8243; css=&#8221;.vc_custom_1767955655106{padding-top: 5px !important;padding-right: 12px !important;padding-bottom: 5px !important;padding-left: 12px !important;background-color: #dae8f2 !important;}&#8221;][vc_row_inner][vc_column_inner width=&#8221;1\/2&#8243;][vc_column_text css=&#8221;&#8221; css_params=&#8221;&#8221;]<\/p>\n<p class=\"mpc-icon-column__heading mpc-transition\">Podcast<\/p>\n<div class=\"mpc-icon-column__description mpc-transition\">\n<ul>\n<li><a href=\"http:\/\/garrettsgames.com\/garretts-games-648-1906-san-francisco-and-crown-of-emara\" target=\"_blank\" rel=\"noopener\">Garret Games 648<\/a>&nbsp;\u2013 \u00abA&nbsp;small-box game with a BIG box feel\u00bb<\/li>\n<\/ul>\n<\/div>\n<p>[\/vc_column_text][\/vc_column_inner][vc_column_inner width=&#8221;1\/2&#8243; css=&#8221;.vc_custom_1765787855450{porto_vc_design_option}&#8221; css_params=&#8221;{&#8220;css_padding_top_xs&#8220;:&#8220;40px&#8220;}&#8221; custom_css_response=&#8221;@media(max-width:575px){.vc_custom_1765787855450{padding-top:40px!important;}}&#8221;][vc_column_text css=&#8221;&#8221; css_params=&#8221;&#8221;]<\/p>\n<p class=\"mpc-icon-column__heading mpc-transition\">Reviews in spanish<\/p>\n<div class=\"mpc-icon-column__description mpc-transition\">\n<ul>\n<li><a href=\"http:\/\/consolaytablero.com\/2018\/12\/12\/1906-san-francisco-sobresaliente\/\" target=\"_blank\" rel=\"noopener\">Consola y Tablero<\/a><\/li>\n<li><a href=\"https:\/\/doctormeeple.es\/2018\/12\/11\/1906-san-francisco\/\" target=\"_blank\" rel=\"noopener\">Doctor Meeple<\/a><\/li>\n<li><a href=\"https:\/\/misutmeeple.com\/2018\/11\/resena-1906-san-francisco\/\" target=\"_blank\" rel=\"noopener\">Misut Meeple<\/a><\/li>\n<\/ul>\n<\/div>\n<p>[\/vc_column_text][\/vc_column_inner][\/vc_row_inner][\/vc_column][\/vc_row][vc_row full_width=&#8221;stretch_row&#8221; wrap_container=&#8221;yes&#8221; conditional_render=&#8221;%5B%7B%22value_role%22%3A%22administrator%22%7D%5D&#8221; css_params=&#8221;&#8221; css=&#8221;.vc_custom_1765444171928{margin-top: 90px !important;}&#8221;][vc_column conditional_render=&#8221;%5B%7B%22value_role%22%3A%22administrator%22%7D%5D&#8221; css_params=&#8221;&#8221;][vc_custom_heading text=&#8221;V\u00cdDEOS&#8221; font_container=&#8221;tag:p|font_size:20px|text_align:left|color:%23444444&#8243; use_theme_fonts=&#8221;yes&#8221; font_family=&#8221;Poppins&#8221; font_weight=&#8221;500&#8243; letter_spacing=&#8221;0.085em&#8221; show_border=&#8221;yes&#8221; border_type=&#8221;middle-border&#8221; border_size=&#8221;xs&#8221; border_spacing=&#8221;{&#8220;xl&#8220;:&#8220;10&#8220;,&#8220;unit&#8220;:&#8220;&#8220;,&#8220;xs&#8220;:&#8220;&#8220;,&#8220;sm&#8220;:&#8220;&#8220;,&#8220;md&#8220;:&#8220;&#8220;,&#8220;lg&#8220;:&#8220;&#8220;}&#8221; css_params=&#8221;&#8221; border_color=&#8221;#dae8f2&#8243; css=&#8221;.vc_custom_1767955801316{padding-top: 5px !important;padding-right: 12px !important;padding-bottom: 5px !important;padding-left: 12px !important;background-color: #dae8f2 !important;}&#8221;][vc_row_inner css=&#8221;.vc_custom_1766083684574{margin-bottom: 20px !important;}&#8221; css_params=&#8221;{&#8220;css_margin_bottom_xs&#8220;:&#8220;0px&#8220;}&#8221; custom_css_response=&#8221;@media(max-width:575px){.vc_custom_1766083684574{margin-bottom:0px!important;}}&#8221;][vc_column_inner width=&#8221;1\/3&#8243;][vc_video link=&#8221;https:\/\/www.youtube.com\/watch?v=NcOYNNYkYp8&#8243; css=&#8221;&#8221; css_params=&#8221;&#8221;][\/vc_column_inner][vc_column_inner width=&#8221;1\/3&#8243;][vc_video link=&#8221;https:\/\/www.youtube.com\/watch?v=Ko9TxMMSenk&#8221; css=&#8221;&#8221; css_params=&#8221;&#8221;][\/vc_column_inner][vc_column_inner width=&#8221;1\/3&#8243;][vc_video link=&#8221;https:\/\/www.youtube.com\/watch?v=PRIB0vm_FQk&#8221; css=&#8221;&#8221; css_params=&#8221;&#8221;][\/vc_column_inner][\/vc_row_inner][vc_row_inner][vc_column_inner width=&#8221;1\/3&#8243;][vc_video link=&#8221;https:\/\/www.youtube.com\/watch?v=lrkLOituI7k&#8221; css=&#8221;&#8221; css_params=&#8221;&#8221;][\/vc_column_inner][\/vc_row_inner][\/vc_column][\/vc_row][vc_row full_width=&#8221;stretch_row&#8221; wrap_container=&#8221;yes&#8221; conditional_render=&#8221;%5B%7B%22value_role%22%3A%22administrator%22%7D%5D&#8221; css_params=&#8221;&#8221; css=&#8221;.vc_custom_1765444182020{margin-top: 90px !important;}&#8221;][vc_column conditional_render=&#8221;%5B%7B%22value_role%22%3A%22administrator%22%7D%5D&#8221; css_params=&#8221;&#8221;][vc_custom_heading text=&#8221;NEWS&#8221; font_container=&#8221;tag:p|font_size:20px|text_align:left|color:%23444444&#8243; use_theme_fonts=&#8221;yes&#8221; font_family=&#8221;Poppins&#8221; font_weight=&#8221;500&#8243; letter_spacing=&#8221;0.085em&#8221; show_border=&#8221;yes&#8221; border_type=&#8221;middle-border&#8221; border_size=&#8221;xs&#8221; border_spacing=&#8221;{&#8220;xl&#8220;:&#8220;10&#8220;,&#8220;unit&#8220;:&#8220;&#8220;,&#8220;xs&#8220;:&#8220;&#8220;,&#8220;sm&#8220;:&#8220;&#8220;,&#8220;md&#8220;:&#8220;&#8220;,&#8220;lg&#8220;:&#8220;&#8220;}&#8221; css_params=&#8221;&#8221; border_color=&#8221;#dae8f2&#8243; css=&#8221;.vc_custom_1767955881538{padding-top: 5px !important;padding-right: 12px !important;padding-bottom: 5px !important;padding-left: 12px !important;background-color: #dae8f2 !important;}&#8221;][porto_tb_posts post_type=&#8221;post&#8221; order=&#8221;ASC&#8221; view=&#8221;slider&#8221; columns=&#8221;3&#8243; columns_mobile=&#8221;2&#8243; image_size=&#8221;blog-medium&#8221; nav_visible=&#8221;{&#8220;xl&#8220;:&#8220;block&#8220;}&#8221; autoplay=&#8221;yes&#8221; autoplay_timeout=&#8221;5000&#8243; builder_id=&#8221;2884&#8243; nav_fs=&#8221;{&#8220;md&#8220;:&#8220;24&#8220;,&#8220;unit&#8220;:&#8220;&#8220;,&#8220;xs&#8220;:&#8220;&#8220;,&#8220;sm&#8220;:&#8220;&#8220;,&#8220;lg&#8220;:&#8220;&#8220;,&#8220;xl&#8220;:40}&#8221; nav_width=&#8221;{&#8220;md&#8220;:&#8220;34&#8220;,&#8220;unit&#8220;:&#8220;&#8220;,&#8220;xs&#8220;:&#8220;&#8220;,&#8220;sm&#8220;:&#8220;&#8220;,&#8220;lg&#8220;:&#8220;&#8220;,&#8220;xl&#8220;:50}&#8221; nav_height=&#8221;{&#8220;md&#8220;:&#8220;34&#8220;,&#8220;unit&#8220;:&#8220;&#8220;,&#8220;xs&#8220;:&#8220;&#8220;,&#8220;sm&#8220;:&#8220;&#8220;,&#8220;lg&#8220;:&#8220;&#8220;,&#8220;xl&#8220;:50}&#8221; nav_br=&#8221;{&#8220;unit&#8220;:&#8220;%&#8220;,&#8220;xs&#8220;:&#8220;&#8220;,&#8220;sm&#8220;:&#8220;&#8220;,&#8220;md&#8220;:&#8220;&#8220;,&#8220;lg&#8220;:&#8220;&#8220;,&#8220;xl&#8220;:&#8220;50&#8220;}&#8221; nav_h_pos=&#8221;{&#8220;md&#8220;:&#8220;-17&#8220;,&#8220;unit&#8220;:&#8220;&#8220;,&#8220;xs&#8220;:&#8220;&#8220;,&#8220;sm&#8220;:&#8220;&#8220;,&#8220;lg&#8220;:&#8220;&#8220;,&#8220;xl&#8220;:-25}&#8221; nav_color=&#8221;var(&#8211;porto-dark-color)&#8221; nav_h_color=&#8221;var(&#8211;porto-light-color)&#8221; nav_bg_color=&#8221;var(&#8211;porto-light-color)&#8221; nav_h_bg_color=&#8221;var(&#8211;porto-primary-color)&#8221; css_params=&#8221;&#8221; el_class=&#8221;nav-border hide-disabled-nav&#8221; count=&#8221;6&#8243; post_terms=&#8221;100&#8243;][\/vc_column][\/vc_row]<\/p>\n<\/div>","protected":false},"excerpt":{"rendered":"<p>[vc_row][vc_column][vc_row_inner content_placement=&#8221;middle&#8221; css=&#8221;.vc_custom_1765480377744{margin-bottom: 40px !important;}&#8221; css_params=&#8221;&#8221;][vc_column_inner width=&#8221;2\/3&#8243;][\/vc_column_inner][vc_column_inner width=&#8221;1\/3&#8243; css=&#8221;.vc_custom_1765787595856{porto_vc_design_option}&#8221; css_params=&#8221;{&#8220;css_margin_top_xs&#8220;:&#8220;40px&#8220;}&#8221; custom_css_response=&#8221;@media(max-width:575px){.vc_custom_1765787595856{margin-top:40px!important;}}&#8221;][vc_video link=&#8221;https:\/\/www.youtube.com\/watch?v=lrkLOituI7k&#8221; css=&#8221;&#8221; css_params=&#8221;&#8221;][\/vc_column_inner][\/vc_row_inner][vc_column_text css=&#8221;&#8221; css_params=&#8221;&#8221;]Early morning 18th April 1906, the city of San Francisco awakes shaken by a massive earthquake of magnitude 8.6 on the Richter scale and by a huge fire that started afterwards. Even today, it is classed as one of the [&hellip;]<\/p>\n","protected":false},"featured_media":5194,"comment_status":"open","ping_status":"closed","template":"","meta":[],"product_brand":[],"product_cat":[121],"product_tag":[],"class_list":{"0":"post-5192","1":"product","2":"type-product","3":"status-publish","4":"has-post-thumbnail","6":"product_cat-1900-series","8":"first","9":"instock","10":"taxable","11":"shipping-taxable","12":"purchasable","13":"product-type-simple"},"_links":{"self":[{"href":"https:\/\/www.loopinggames.com\/en\/wp-json\/wp\/v2\/product\/5192","targetHints":{"allow":["GET"]}}],"collection":[{"href":"https:\/\/www.loopinggames.com\/en\/wp-json\/wp\/v2\/product"}],"about":[{"href":"https:\/\/www.loopinggames.com\/en\/wp-json\/wp\/v2\/types\/product"}],"replies":[{"embeddable":true,"href":"https:\/\/www.loopinggames.com\/en\/wp-json\/wp\/v2\/comments?post=5192"}],"wp:featuredmedia":[{"embeddable":true,"href":"https:\/\/www.loopinggames.com\/en\/wp-json\/wp\/v2\/media\/5194"}],"wp:attachment":[{"href":"https:\/\/www.loopinggames.com\/en\/wp-json\/wp\/v2\/media?parent=5192"}],"wp:term":[{"taxonomy":"product_brand","embeddable":true,"href":"https:\/\/www.loopinggames.com\/en\/wp-json\/wp\/v2\/product_brand?post=5192"},{"taxonomy":"product_cat","embeddable":true,"href":"https:\/\/www.loopinggames.com\/en\/wp-json\/wp\/v2\/product_cat?post=5192"},{"taxonomy":"product_tag","embeddable":true,"href":"https:\/\/www.loopinggames.com\/en\/wp-json\/wp\/v2\/product_tag?post=5192"}],"curies":[{"name":"wp","href":"https:\/\/api.w.org\/{rel}","templated":true}]}}