{"id":5186,"date":"2023-11-01T11:56:59","date_gmt":"2023-11-01T10:56:59","guid":{"rendered":"https:\/\/www.loopinggames.com\/juegos\/uncategorized\/1902-melies\/"},"modified":"2023-11-01T11:56:59","modified_gmt":"2023-11-01T10:56:59","slug":"1902-melies","status":"publish","type":"product","link":"https:\/\/www.loopinggames.com\/en\/boardgames\/1900-series\/1902-melies\/","title":{"rendered":"1902 M\u00e9li\u00e8s"},"content":{"rendered":"<div class=\"wpb-content-wrapper\"><p>[vc_row][vc_column][vc_row_inner content_placement=&#8221;middle&#8221; css=&#8221;.vc_custom_1765480377744{margin-bottom: 40px !important;}&#8221; css_params=&#8221;&#8221;][vc_column_inner width=&#8221;2\/3&#8243;]<div class=\"porto-gallery has-ccols ccols-1 ccols-sm-2 ccols-md-3 ccols-lg-4 wpb_custom_539f1dc015fa3fca287178c38ffd62c3 porto-carousel owl-carousel nav-pos-outside nav-style-1 align-items-center lightbox\" data-plugin-options=\"{&quot;autoplay&quot;:true,&quot;autoplayHoverPause&quot;:true,&quot;autoplayTimeout&quot;:5000,&quot;items&quot;:4,&quot;xl&quot;:4,&quot;lg&quot;:4,&quot;md&quot;:3,&quot;sm&quot;:2,&quot;xs&quot;:1,&quot;nav&quot;:true,&quot;dots&quot;:false}\" data-lightbox-options=\"{&quot;delegate&quot;:&quot;a&quot;,&quot;mainClass&quot;:&quot;mfp-with-zoom&quot;,&quot;zoom&quot;:{&quot;enabled&quot;:true,&quot;duration&quot;:300},&quot;gallery&quot;:{&quot;enabled&quot;:true},&quot;type&quot;:&quot;image&quot;}\"><a class=\"hover-effect-dir\" href=\"https:\/\/www.loopinggames.com\/wp-content\/uploads\/2025\/12\/1902-Caja-abierta-scaled.jpeg\"><figure><img loading=\"lazy\" decoding=\"async\" width=\"560\" height=\"367\" src=\"https:\/\/www.loopinggames.com\/wp-content\/uploads\/2025\/12\/1902-Caja-abierta-560x367.jpeg\" class=\"attachment-portfolio-large size-portfolio-large\" alt=\"1902 Caja abierta\" \/><div class=\"fill\"><i class=\"centered-icon fa fa-plus\"><\/i><\/div><\/figure><\/a><\/div>[\/vc_column_inner][vc_column_inner width=&#8221;1\/3&#8243; css=&#8221;.vc_custom_1765789511459{porto_vc_design_option}&#8221; css_params=&#8221;{&#8220;css_padding_top_xs&#8220;:&#8220;40px&#8220;}&#8221; custom_css_response=&#8221;@media(max-width:575px){.vc_custom_1765789511459{padding-top:40px!important;}}&#8221;][vc_single_image image=&#8221;5187&#8243; img_size=&#8221;225&#215;117&#8243; alignment=&#8221;center&#8221; css=&#8221;&#8221; css_params=&#8221;&#8221;][\/vc_column_inner][\/vc_row_inner][vc_column_text css=&#8221;&#8221; css_params=&#8221;&#8221;]<strong><em>Georges M\u00e9li\u00e8s was an illusionist who, fascinated by the possibilities of the Lumi\u00e8re brothers\u2019 cinematograph, became a pioneer of cinema. In 1902, he filmed his most famous work: \u201cLe Voyage dans la Lune\u201d (\u201cA Trip to the Moon\u201d), one of the first science fiction film in history and one of the most complex of its time due to its duration, visual effects, and boundless imagination.<\/em><\/strong><\/p>\n<p>In\u00a0<strong>1902 M\u00e9li\u00e8s<\/strong>, as assistant directors to Georges M\u00e9li\u00e8s, you have to collaborate in the making of this film. You will need to prepare the sets, activate special effects, position the actors, shoot scenes, edit them, and hand-color them to create fabulous sequences.[\/vc_column_text][vc_single_image image=&#8221;5189&#8243; img_size=&#8221;full&#8221; css=&#8221;&#8221; css_params=&#8221;&#8221;][\/vc_column][\/vc_row][vc_row css=&#8221;.vc_custom_1765447655819{margin-top: 90px !important;}&#8221; conditional_render=&#8221;%5B%7B%22value_role%22%3A%22administrator%22%7D%5D&#8221; css_params=&#8221;&#8221;][vc_column width=&#8221;1\/2&#8243;][vc_custom_heading text=&#8221;COMPONENTS&#8221; font_container=&#8221;tag:p|font_size:20px|text_align:left|color:%23444444&#8243; use_theme_fonts=&#8221;yes&#8221; font_family=&#8221;Poppins&#8221; font_weight=&#8221;500&#8243; letter_spacing=&#8221;0.085em&#8221; show_border=&#8221;yes&#8221; border_type=&#8221;middle-border&#8221; border_size=&#8221;xs&#8221; border_spacing=&#8221;{&#8220;xl&#8220;:&#8220;10&#8220;,&#8220;unit&#8220;:&#8220;&#8220;,&#8220;xs&#8220;:&#8220;&#8220;,&#8220;sm&#8220;:&#8220;&#8220;,&#8220;md&#8220;:&#8220;&#8220;,&#8220;lg&#8220;:&#8220;&#8220;}&#8221; css_params=&#8221;&#8221; border_color=&#8221;#dae8f2&#8243; css=&#8221;.vc_custom_1767955162665{padding-top: 5px !important;padding-right: 12px !important;padding-bottom: 5px !important;padding-left: 12px !important;background-color: #dae8f2 !important;}&#8221;][vc_column_text css=&#8221;&#8221; css_params=&#8221;&#8221;]<\/p>\n<ul>\n<li>1 studio board<\/li>\n<li>6 actor tokens<\/li>\n<li>28 ticket tockens (7 per player)<\/li>\n<li>12 action pawns (3 per player)<\/li>\n<li>12 disks (3 por jugador)<\/li>\n<li>4 prestige cubes (1 per player)<\/li>\n<li>1 set token<\/li>\n<li>60 standard-size cards<\/li>\n<li>48 small cards<\/li>\n<li>Rules in English &amp; Spanish<\/li>\n<\/ul>\n<p>[\/vc_column_text][\/vc_column][vc_column width=&#8221;1\/2&#8243; css=&#8221;.vc_custom_1765789483430{porto_vc_design_option}&#8221; conditional_render=&#8221;%5B%7B%22value_role%22%3A%22administrator%22%7D%5D&#8221; css_params=&#8221;{&#8220;css_padding_top_xs&#8220;:&#8220;60px&#8220;}&#8221; custom_css_response=&#8221;@media(max-width:575px){.vc_custom_1765789483430{padding-top:60px!important;}}&#8221;][vc_custom_heading text=&#8221;DOWNLOADS&#8221; font_container=&#8221;tag:p|font_size:20px|text_align:left|color:%23444444&#8243; use_theme_fonts=&#8221;yes&#8221; font_family=&#8221;Poppins&#8221; font_weight=&#8221;500&#8243; letter_spacing=&#8221;0.085em&#8221; show_border=&#8221;yes&#8221; border_type=&#8221;middle-border&#8221; border_size=&#8221;xs&#8221; border_spacing=&#8221;{&#8220;xl&#8220;:&#8220;10&#8220;,&#8220;unit&#8220;:&#8220;&#8220;,&#8220;xs&#8220;:&#8220;&#8220;,&#8220;sm&#8220;:&#8220;&#8220;,&#8220;md&#8220;:&#8220;&#8220;,&#8220;lg&#8220;:&#8220;&#8220;}&#8221; css_params=&#8221;&#8221; border_color=&#8221;#dae8f2&#8243; css=&#8221;.vc_custom_1767955168917{padding-top: 5px !important;padding-right: 12px !important;padding-bottom: 5px !important;padding-left: 12px !important;background-color: #dae8f2 !important;}&#8221;][vc_column_text css=&#8221;&#8221; css_params=&#8221;&#8221;]<\/p>\n<ul>\n<li><a href=\"https:\/\/www.loopinggames.com\/wp-content\/uploads\/2026\/04\/1902-Rules.pdf\" target=\"_blank\" rel=\"noopener noreferrer\">Rules<\/a><\/li>\n<\/ul>\n<p>[\/vc_column_text][\/vc_column][\/vc_row]<\/p>\n<\/div>","protected":false},"excerpt":{"rendered":"<p>[vc_row][vc_column][vc_row_inner content_placement=&#8221;middle&#8221; css=&#8221;.vc_custom_1765480377744{margin-bottom: 40px !important;}&#8221; css_params=&#8221;&#8221;][vc_column_inner width=&#8221;2\/3&#8243;][\/vc_column_inner][vc_column_inner width=&#8221;1\/3&#8243; css=&#8221;.vc_custom_1765789511459{porto_vc_design_option}&#8221; css_params=&#8221;{&#8220;css_padding_top_xs&#8220;:&#8220;40px&#8220;}&#8221; custom_css_response=&#8221;@media(max-width:575px){.vc_custom_1765789511459{padding-top:40px!important;}}&#8221;][vc_single_image image=&#8221;5187&#8243; img_size=&#8221;225&#215;117&#8243; alignment=&#8221;center&#8221; css=&#8221;&#8221; css_params=&#8221;&#8221;][\/vc_column_inner][\/vc_row_inner][vc_column_text css=&#8221;&#8221; css_params=&#8221;&#8221;]Georges M\u00e9li\u00e8s was an illusionist who, fascinated by the possibilities of the Lumi\u00e8re brothers\u2019 cinematograph, became a pioneer of cinema. In 1902, he filmed his most famous work: \u201cLe Voyage dans la Lune\u201d (\u201cA Trip to the Moon\u201d), [&hellip;]<\/p>\n","protected":false},"featured_media":5188,"comment_status":"open","ping_status":"closed","template":"","meta":[],"product_brand":[],"product_cat":[121],"product_tag":[],"class_list":{"0":"post-5186","1":"product","2":"type-product","3":"status-publish","4":"has-post-thumbnail","6":"product_cat-1900-series","8":"first","9":"instock","10":"taxable","11":"shipping-taxable","12":"purchasable","13":"product-type-simple"},"_links":{"self":[{"href":"https:\/\/www.loopinggames.com\/en\/wp-json\/wp\/v2\/product\/5186","targetHints":{"allow":["GET"]}}],"collection":[{"href":"https:\/\/www.loopinggames.com\/en\/wp-json\/wp\/v2\/product"}],"about":[{"href":"https:\/\/www.loopinggames.com\/en\/wp-json\/wp\/v2\/types\/product"}],"replies":[{"embeddable":true,"href":"https:\/\/www.loopinggames.com\/en\/wp-json\/wp\/v2\/comments?post=5186"}],"wp:featuredmedia":[{"embeddable":true,"href":"https:\/\/www.loopinggames.com\/en\/wp-json\/wp\/v2\/media\/5188"}],"wp:attachment":[{"href":"https:\/\/www.loopinggames.com\/en\/wp-json\/wp\/v2\/media?parent=5186"}],"wp:term":[{"taxonomy":"product_brand","embeddable":true,"href":"https:\/\/www.loopinggames.com\/en\/wp-json\/wp\/v2\/product_brand?post=5186"},{"taxonomy":"product_cat","embeddable":true,"href":"https:\/\/www.loopinggames.com\/en\/wp-json\/wp\/v2\/product_cat?post=5186"},{"taxonomy":"product_tag","embeddable":true,"href":"https:\/\/www.loopinggames.com\/en\/wp-json\/wp\/v2\/product_tag?post=5186"}],"curies":[{"name":"wp","href":"https:\/\/api.w.org\/{rel}","templated":true}]}}